{"id":2752,"date":"2023-04-11T14:33:56","date_gmt":"2023-04-11T14:33:56","guid":{"rendered":"https:\/\/pf-poirie.fr\/?page_id=2752"},"modified":"2023-04-12T15:11:29","modified_gmt":"2023-04-12T15:11:29","slug":"le-reglement-des-frais-dobseques","status":"publish","type":"page","link":"https:\/\/pf-poirie.fr\/index.php\/le-reglement-des-frais-dobseques\/","title":{"rendered":"Le r\u00e8glement des frais d\u2019obs\u00e8ques"},"content":{"rendered":"<p>[vc_row row_type=\u00a0\u00bbrow\u00a0\u00bb use_row_as_full_screen_section=\u00a0\u00bbyes\u00a0\u00bb type=\u00a0\u00bbfull_width\u00a0\u00bb angled_section=\u00a0\u00bbno\u00a0\u00bb text_align=\u00a0\u00bbleft\u00a0\u00bb video=\u00a0\u00bbshow_video\u00a0\u00bb background_image_as_pattern=\u00a0\u00bbwithout_pattern\u00a0\u00bb z_index=\u00a0\u00bb\u00a0\u00bb video_mp4=\u00a0\u00bbhttps:\/\/www.pasquet-puybertier.com\/wp-content\/uploads\/2021\/03\/pexels-kelly-lacy-5597154-1.mp4&Prime;][vc_column][vc_row_inner row_type=\u00a0\u00bbrow\u00a0\u00bb type=\u00a0\u00bbfull_width\u00a0\u00bb text_align=\u00a0\u00bbleft\u00a0\u00bb css_animation=\u00a0\u00bb\u00a0\u00bb][vc_column_inner width=\u00a0\u00bb1\/6&Prime;][\/vc_column_inner][vc_column_inner width=\u00a0\u00bb2\/3&Prime; css=\u00a0\u00bb.vc_custom_1603903031759{padding-top: 20px !important;padding-right: 20px !important;padding-bottom: 20px !important;padding-left: 20px !important;background-color: rgba(255,255,255,0.79) !important;*background-color: rgb(255,255,255) !important;}\u00a0\u00bb][vc_column_text]<\/p>\n<h1><strong><img loading=\"lazy\" decoding=\"async\" class=\"alignnone size-full wp-image-2670\" src=\"https:\/\/pf-poirie.fr\/wp-content\/uploads\/2021\/05\/fleur.png\" alt=\"\" width=\"65\" height=\"16\" \/><\/strong>Le r\u00e8glement des frais d\u2019obs\u00e8ques.<\/h1>\n<p>[\/vc_column_text][vc_empty_space][vc_column_text]<\/p>\n<p style=\"font-weight: 400;\">En tant qu\u2019h\u00e9ritier ascendants et descendants du d\u00e9funt ( enfants et petits-enfants, parents et grands-parents\u2026) vous devez payer les frais d\u2019obs\u00e8ques, m\u00eame si vous renoncez \u00e0 la succession et si vous n\u2019aviez aucun lien affectif avec le d\u00e9funt.<\/p>\n<p style=\"font-weight: 400;\"><u>Ainsi\u00a0:<\/u><\/p>\n<ul style=\"font-weight: 400;\">\n<li>Si vous signez le contrat avec la soci\u00e9t\u00e9 de pompes fun\u00e8bres, vous r\u00e9glerez seul la facture mais vous disposerez ensuite d\u2019un recours contre les autres coh\u00e9ritiers pour vous faire rembourser.<\/li>\n<li>De m\u00eame, si vous prenez en charge les frais d\u2019obs\u00e8ques sans \u00eatre l\u2019h\u00e9ritier du d\u00e9funt, vous pourrez demander \u00e0 \u00eatre rembours\u00e9 par les h\u00e9ritiers.<\/li>\n<\/ul>\n<p style=\"font-weight: 400;\">Si le d\u00e9funt avait souscrit un contrat obs\u00e8ques, les proches ne devraient en th\u00e9orie rien avoir \u00e0 payer (\u00e9ventuellement un reliquat selon le type de contrat obs\u00e8ques).<\/p>\n<p style=\"font-weight: 400;\">De m\u00eame, un capital d\u00e9c\u00e8s peut \u00e9galement \u00eatre per\u00e7u dans certains cas\u00a0:<\/p>\n<ul style=\"font-weight: 400;\">\n<li>Aupr\u00e8s d\u2019une assurance souscrite pr\u00e9alablement par le d\u00e9funt\u00a0(capital D\u00e9c\u00e8s, Assurance vie\u2026),<\/li>\n<li>Aupr\u00e8s de la S\u00e9curit\u00e9 Sociale\u00a0; si le d\u00e9funt \u00e9tait salari\u00e9 en activit\u00e9, au ch\u00f4mage (ou dans les 12 mois suivants son indemnisation) ou en retraite depuis moins de 3 mois,<\/li>\n<li>Plus rarement aupr\u00e8s de la mutuelle (mutuelle du d\u00e9funt et\/ou celle du conjoint survivant).<\/li>\n<\/ul>\n<p>[\/vc_column_text][\/vc_column_inner][vc_column_inner width=\u00a0\u00bb1\/6&Prime;][\/vc_column_inner][\/vc_row_inner][\/vc_column][\/vc_row][vc_row][vc_column][vc_empty_space][vc_separator color=\u00a0\u00bbpeacoc\u00a0\u00bb][vc_empty_space][\/vc_column][\/vc_row]<\/p>\n","protected":false},"excerpt":{"rendered":"<p>[vc_row row_type=\u00a0\u00bbrow\u00a0\u00bb use_row_as_full_screen_section=\u00a0\u00bbyes\u00a0\u00bb type=\u00a0\u00bbfull_width\u00a0\u00bb angled_section=\u00a0\u00bbno\u00a0\u00bb text_align=\u00a0\u00bbleft\u00a0\u00bb video=\u00a0\u00bbshow_video\u00a0\u00bb background_image_as_pattern=\u00a0\u00bbwithout_pattern\u00a0\u00bb z_index=\u00a0\u00bb\u00a0\u00bb video_mp4=\u00a0\u00bbhttps:\/\/www.pasquet-puybertier.com\/wp-content\/uploads\/2021\/03\/pexels-kelly-lacy-5597154-1.mp4&Prime;][vc_column][vc_row_inner row_type=\u00a0\u00bbrow\u00a0\u00bb type=\u00a0\u00bbfull_width\u00a0\u00bb text_align=\u00a0\u00bbleft\u00a0\u00bb css_animation=\u00a0\u00bb\u00a0\u00bb][vc_column_inner width=\u00a0\u00bb1\/6&Prime;][\/vc_column_inner][vc_column_inner width=\u00a0\u00bb2\/3&Prime; css=\u00a0\u00bb.vc_custom_1603903031759{padding-top: 20px !important;padding-right: 20px !important;padding-bottom: 20px !important;padding-left: 20px !important;background-color: rgba(255,255,255,0.79) !important;*background-color: rgb(255,255,255) !important;}\u00a0\u00bb][vc_column_text] Le r\u00e8glement des frais d\u2019obs\u00e8ques. [\/vc_column_text][vc_empty_space][vc_column_text] En tant qu\u2019h\u00e9ritier ascendants et descendants du d\u00e9funt ( enfants et petits-enfants, parents et grands-parents\u2026) vous devez payer les frais&hellip;<\/p>\n","protected":false},"author":1,"featured_media":0,"parent":0,"menu_order":0,"comment_status":"closed","ping_status":"open","template":"","meta":[],"class_list":["post-2752","page","type-page","status-publish","hentry","description-off"],"_links":{"self":[{"href":"https:\/\/pf-poirie.fr\/index.php\/wp-json\/wp\/v2\/pages\/2752","targetHints":{"allow":["GET"]}}],"collection":[{"href":"https:\/\/pf-poirie.fr\/index.php\/wp-json\/wp\/v2\/pages"}],"about":[{"href":"https:\/\/pf-poirie.fr\/index.php\/wp-json\/wp\/v2\/types\/page"}],"author":[{"embeddable":true,"href":"https:\/\/pf-poirie.fr\/index.php\/wp-json\/wp\/v2\/users\/1"}],"replies":[{"embeddable":true,"href":"https:\/\/pf-poirie.fr\/index.php\/wp-json\/wp\/v2\/comments?post=2752"}],"version-history":[{"count":2,"href":"https:\/\/pf-poirie.fr\/index.php\/wp-json\/wp\/v2\/pages\/2752\/revisions"}],"predecessor-version":[{"id":2789,"href":"https:\/\/pf-poirie.fr\/index.php\/wp-json\/wp\/v2\/pages\/2752\/revisions\/2789"}],"wp:attachment":[{"href":"https:\/\/pf-poirie.fr\/index.php\/wp-json\/wp\/v2\/media?parent=2752"}],"curies":[{"name":"wp","href":"https:\/\/api.w.org\/{rel}","templated":true}]}}