{"id":2750,"date":"2023-04-11T14:32:12","date_gmt":"2023-04-11T14:32:12","guid":{"rendered":"https:\/\/pf-poirie.fr\/?page_id=2750"},"modified":"2023-04-11T14:32:12","modified_gmt":"2023-04-11T14:32:12","slug":"les-premieres-demarches-en-cas-de-deces","status":"publish","type":"page","link":"https:\/\/pf-poirie.fr\/index.php\/les-premieres-demarches-en-cas-de-deces\/","title":{"rendered":"Les premi\u00e8res d\u00e9marches  en cas de d\u00e9c\u00e8s"},"content":{"rendered":"<p>[vc_row row_type=\u00a0\u00bbrow\u00a0\u00bb use_row_as_full_screen_section=\u00a0\u00bbyes\u00a0\u00bb type=\u00a0\u00bbfull_width\u00a0\u00bb angled_section=\u00a0\u00bbno\u00a0\u00bb text_align=\u00a0\u00bbleft\u00a0\u00bb video=\u00a0\u00bbshow_video\u00a0\u00bb background_image_as_pattern=\u00a0\u00bbwithout_pattern\u00a0\u00bb z_index=\u00a0\u00bb\u00a0\u00bb video_mp4=\u00a0\u00bbhttps:\/\/www.pasquet-puybertier.com\/wp-content\/uploads\/2021\/03\/pexels-kelly-lacy-5597154-1.mp4&Prime;][vc_column][vc_row_inner row_type=\u00a0\u00bbrow\u00a0\u00bb type=\u00a0\u00bbfull_width\u00a0\u00bb text_align=\u00a0\u00bbleft\u00a0\u00bb css_animation=\u00a0\u00bb\u00a0\u00bb][vc_column_inner width=\u00a0\u00bb1\/6&Prime;][\/vc_column_inner][vc_column_inner width=\u00a0\u00bb2\/3&Prime; css=\u00a0\u00bb.vc_custom_1603903031759{padding-top: 20px !important;padding-right: 20px !important;padding-bottom: 20px !important;padding-left: 20px !important;background-color: rgba(255,255,255,0.79) !important;*background-color: rgb(255,255,255) !important;}\u00a0\u00bb][vc_column_text]<\/p>\n<h1><strong><img loading=\"lazy\" decoding=\"async\" class=\"alignnone size-full wp-image-2670\" src=\"https:\/\/pf-poirie.fr\/wp-content\/uploads\/2021\/05\/fleur.png\" alt=\"\" width=\"65\" height=\"16\" \/><\/strong>Les premi\u00e8res d\u00e9marches\u00a0 en cas de d\u00e9c\u00e8s<\/h1>\n<p>[\/vc_column_text][vc_empty_space][vc_column_text]<\/p>\n<h2><strong>Dans les 24 heures qui suivent le d\u00e9c\u00e8s, vous devez faire constater le d\u00e9c\u00e8s par un m\u00e9decin et faire une d\u00e9claration de d\u00e9c\u00e8s \u00e0 la mairie.<\/strong><\/h2>\n<p>&nbsp;<\/p>\n<p><strong>Constat du d\u00e9c\u00e8s par un m\u00e9decin<\/strong><\/p>\n<p>Il faut faire constater le d\u00e9c\u00e8s par un m\u00e9decin qui \u00e9tablira le <strong>certificat de d\u00e9c\u00e8s<\/strong>.<\/p>\n<ul>\n<li>Si le d\u00e9c\u00e8s \u00e0 lieu dans un \u00e9tablissement de sant\u00e9 (h\u00f4pital ou maison m\u00e9dicalis\u00e9e), c&rsquo;est le m\u00e9decin de garde qui s&rsquo;en chargera.<\/li>\n<li>En cas de mort violente (accident, suicide, &#8230;), il faut pr\u00e9venir imm\u00e9diatement la gendarmerie ou le commissariat de police (par t\u00e9l\u00e9phone en composant le 17 ou 112 en cas d\u2019urgence, ou au num\u00e9ro de votre commissariat ou de votre brigade de gendarmerie OU par sms au 114).<\/li>\n<\/ul>\n<p><strong>D\u00e9claration du d\u00e9c\u00e8s<\/strong><\/p>\n<p>Il faut \u00a0ensuite <a href=\"https:\/\/www.demarches.interieur.gouv.fr\/particuliers\/declaration-deces\">d\u00e9clarer le d\u00e9c\u00e8s<\/a> \u00e0 la mairie du lieu o\u00f9 a eu lieu le d\u00e9c\u00e8s afin que soit \u00e9tabli un <a href=\"https:\/\/www.demarches.interieur.gouv.fr\/particuliers\/acte-deces-demande-copie-integrale\"><strong>acte de d\u00e9c\u00e8s<\/strong><\/a><strong>.<\/strong><\/p>\n<ul>\n<li>Si le d\u00e9c\u00e8s a eu lieu dans une structure m\u00e9dicale ou sociale (h\u00f4pital, clinique, maison de retraite), l&rsquo;\u00e9tablissement peut \u00e9ventuellement se charger de la d\u00e9claration.<\/li>\n<li>La d\u00e9claration peut \u00eatre faite par la famille mais il est d\u2019usage que l&rsquo;entreprise de pompes fun\u00e8bres \u00e0 laquelle sera confi\u00e9e l&rsquo;organisation des obs\u00e8ques se charge de cette d\u00e9marche.<\/li>\n<\/ul>\n<p>Si vous \u00eates dans un pays \u00e9tranger (en voyage ou parce que vous y r\u00e9sidez) et qu&rsquo;un membre de votre famille y d\u00e9c\u00e8de, vous devez, dans la majorit\u00e9 des pays, d\u00e9clarer le d\u00e9c\u00e8s \u00e0 l&rsquo;\u00e9tat civil local. Un acte de d\u00e9c\u00e8s local est \u00e9tabli.<\/p>\n<p>Vous pouvez demander aux services consulaires fran\u00e7ais de <a href=\"https:\/\/www.demarches.interieur.gouv.fr\/particuliers\/faire-cas-deces-proche-etranger\">transcrire cet acte local dans le registre d&rsquo;\u00e9tat civil fran\u00e7ais<\/a>. Cette transcription n&rsquo;est pas obligatoire, mais recommand\u00e9e pour vous permettre d&rsquo;effectuer les d\u00e9marches administratives\u00a0 apr\u00e8s obs\u00e8ques \u00a0(h\u00e9ritage, pension de retraite&#8230;).<\/p>\n<h4>Pour les d\u00e9marches li\u00e9es aux fun\u00e9railles ou au rapatriement du corps du d\u00e9funt, vous pouvez demander l&rsquo;aide des services consulaires\u00a0ou nous appeler directement au <strong>03 44 02 28 00<\/strong><\/h4>\n<p>[\/vc_column_text][\/vc_column_inner][vc_column_inner width=\u00a0\u00bb1\/6&Prime;][\/vc_column_inner][\/vc_row_inner][\/vc_column][\/vc_row][vc_row][vc_column][vc_empty_space][vc_separator color=\u00a0\u00bbpeacoc\u00a0\u00bb][vc_empty_space][\/vc_column][\/vc_row]<\/p>\n","protected":false},"excerpt":{"rendered":"<p>[vc_row row_type=\u00a0\u00bbrow\u00a0\u00bb use_row_as_full_screen_section=\u00a0\u00bbyes\u00a0\u00bb type=\u00a0\u00bbfull_width\u00a0\u00bb angled_section=\u00a0\u00bbno\u00a0\u00bb text_align=\u00a0\u00bbleft\u00a0\u00bb video=\u00a0\u00bbshow_video\u00a0\u00bb background_image_as_pattern=\u00a0\u00bbwithout_pattern\u00a0\u00bb z_index=\u00a0\u00bb\u00a0\u00bb video_mp4=\u00a0\u00bbhttps:\/\/www.pasquet-puybertier.com\/wp-content\/uploads\/2021\/03\/pexels-kelly-lacy-5597154-1.mp4&Prime;][vc_column][vc_row_inner row_type=\u00a0\u00bbrow\u00a0\u00bb type=\u00a0\u00bbfull_width\u00a0\u00bb text_align=\u00a0\u00bbleft\u00a0\u00bb css_animation=\u00a0\u00bb\u00a0\u00bb][vc_column_inner width=\u00a0\u00bb1\/6&Prime;][\/vc_column_inner][vc_column_inner width=\u00a0\u00bb2\/3&Prime; css=\u00a0\u00bb.vc_custom_1603903031759{padding-top: 20px !important;padding-right: 20px !important;padding-bottom: 20px !important;padding-left: 20px !important;background-color: rgba(255,255,255,0.79) !important;*background-color: rgb(255,255,255) !important;}\u00a0\u00bb][vc_column_text] Les premi\u00e8res d\u00e9marches\u00a0 en cas de d\u00e9c\u00e8s [\/vc_column_text][vc_empty_space][vc_column_text] Dans les 24 heures qui suivent le d\u00e9c\u00e8s, vous devez faire constater le d\u00e9c\u00e8s par un m\u00e9decin et&hellip;<\/p>\n","protected":false},"author":1,"featured_media":0,"parent":0,"menu_order":0,"comment_status":"closed","ping_status":"open","template":"","meta":[],"class_list":["post-2750","page","type-page","status-publish","hentry","description-off"],"_links":{"self":[{"href":"https:\/\/pf-poirie.fr\/index.php\/wp-json\/wp\/v2\/pages\/2750","targetHints":{"allow":["GET"]}}],"collection":[{"href":"https:\/\/pf-poirie.fr\/index.php\/wp-json\/wp\/v2\/pages"}],"about":[{"href":"https:\/\/pf-poirie.fr\/index.php\/wp-json\/wp\/v2\/types\/page"}],"author":[{"embeddable":true,"href":"https:\/\/pf-poirie.fr\/index.php\/wp-json\/wp\/v2\/users\/1"}],"replies":[{"embeddable":true,"href":"https:\/\/pf-poirie.fr\/index.php\/wp-json\/wp\/v2\/comments?post=2750"}],"version-history":[{"count":1,"href":"https:\/\/pf-poirie.fr\/index.php\/wp-json\/wp\/v2\/pages\/2750\/revisions"}],"predecessor-version":[{"id":2751,"href":"https:\/\/pf-poirie.fr\/index.php\/wp-json\/wp\/v2\/pages\/2750\/revisions\/2751"}],"wp:attachment":[{"href":"https:\/\/pf-poirie.fr\/index.php\/wp-json\/wp\/v2\/media?parent=2750"}],"curies":[{"name":"wp","href":"https:\/\/api.w.org\/{rel}","templated":true}]}}