{"id":2720,"date":"2022-07-25T11:57:37","date_gmt":"2022-07-25T11:57:37","guid":{"rendered":"https:\/\/pf-poirie.fr\/?page_id=2720"},"modified":"2023-04-12T14:56:53","modified_gmt":"2023-04-12T14:56:53","slug":"chambre-funeraire","status":"publish","type":"page","link":"https:\/\/pf-poirie.fr\/index.php\/chambre-funeraire\/","title":{"rendered":"Chambre fun\u00e9raire"},"content":{"rendered":"<p>[vc_row][vc_column][vc_empty_space height=\u00a0\u00bb50px\u00a0\u00bb][vc_column_text]<\/p>\n<h1><img loading=\"lazy\" decoding=\"async\" class=\"alignnone size-full wp-image-2670\" src=\"https:\/\/pf-poirie.fr\/wp-content\/uploads\/2021\/05\/fleur.png\" alt=\"\" width=\"65\" height=\"16\" \/>Chambre fun\u00e9raire<\/h1>\n<p>[\/vc_column_text][vc_empty_space height=\u00a0\u00bb50px\u00a0\u00bb][vc_column_text]Une chambre fun\u00e9raire, \u00e9galement appel\u00e9e salon fun\u00e9raire ou fun\u00e9rarium, est un lieu o\u00f9 l&rsquo;on peut rendre hommage \u00e0 un d\u00e9funt avant ses fun\u00e9railles.<\/p>\n<p>Notre chambre fun\u00e9raire est con\u00e7ue pour accueillir les familles et les proches du d\u00e9funt dans un environnement calme et paisible. D\u00e9cor\u00e9e de mani\u00e8re sobre et respectueuse, on peut y installer \u00a0des bougies, des fleurs et des photos du d\u00e9funt.<\/p>\n<p>[\/vc_column_text][vc_empty_space height=\u00a0\u00bb50px\u00a0\u00bb][vc_row_inner][vc_column_inner width=\u00a0\u00bb1\/3&Prime;][vc_single_image image=\u00a0\u00bb2723&Prime; img_size=\u00a0\u00bbfull\u00a0\u00bb alignment=\u00a0\u00bbcenter\u00a0\u00bb][\/vc_column_inner][vc_column_inner width=\u00a0\u00bb1\/3&Prime;][vc_single_image image=\u00a0\u00bb2722&Prime; img_size=\u00a0\u00bbfull\u00a0\u00bb alignment=\u00a0\u00bbcenter\u00a0\u00bb][\/vc_column_inner][vc_column_inner width=\u00a0\u00bb1\/3&Prime;][vc_single_image image=\u00a0\u00bb2725&Prime; img_size=\u00a0\u00bbfull\u00a0\u00bb alignment=\u00a0\u00bbcenter\u00a0\u00bb][\/vc_column_inner][\/vc_row_inner][vc_empty_space height=\u00a0\u00bb50px\u00a0\u00bb][vc_row_inner][vc_column_inner width=\u00a0\u00bb2\/3&Prime;][vc_column_text]<span style=\"color: #597787;\"><strong>N\u2019h\u00e9sitez pas \u00e0 nous contacter pour toute information<\/strong><\/span>[\/vc_column_text][\/vc_column_inner][vc_column_inner width=\u00a0\u00bb1\/3&Prime;][\/vc_column_inner][\/vc_row_inner][vc_empty_space height=\u00a0\u00bb50px\u00a0\u00bb][\/vc_column][\/vc_row][vc_row][vc_column][vc_empty_space][vc_separator color=\u00a0\u00bbpeacoc\u00a0\u00bb][vc_empty_space][\/vc_column][\/vc_row]<\/p>\n","protected":false},"excerpt":{"rendered":"<p>[vc_row][vc_column][vc_empty_space height=\u00a0\u00bb50px\u00a0\u00bb][vc_column_text] Chambre fun\u00e9raire [\/vc_column_text][vc_empty_space height=\u00a0\u00bb50px\u00a0\u00bb][vc_column_text]Une chambre fun\u00e9raire, \u00e9galement appel\u00e9e salon fun\u00e9raire ou fun\u00e9rarium, est un lieu o\u00f9 l&rsquo;on peut rendre hommage \u00e0 un d\u00e9funt avant ses fun\u00e9railles. Notre chambre fun\u00e9raire est con\u00e7ue pour accueillir les familles et les proches du d\u00e9funt dans un environnement calme et paisible. D\u00e9cor\u00e9e de mani\u00e8re sobre et respectueuse, on&hellip;<\/p>\n","protected":false},"author":1,"featured_media":0,"parent":0,"menu_order":0,"comment_status":"closed","ping_status":"open","template":"","meta":[],"class_list":["post-2720","page","type-page","status-publish","hentry","description-off"],"_links":{"self":[{"href":"https:\/\/pf-poirie.fr\/index.php\/wp-json\/wp\/v2\/pages\/2720","targetHints":{"allow":["GET"]}}],"collection":[{"href":"https:\/\/pf-poirie.fr\/index.php\/wp-json\/wp\/v2\/pages"}],"about":[{"href":"https:\/\/pf-poirie.fr\/index.php\/wp-json\/wp\/v2\/types\/page"}],"author":[{"embeddable":true,"href":"https:\/\/pf-poirie.fr\/index.php\/wp-json\/wp\/v2\/users\/1"}],"replies":[{"embeddable":true,"href":"https:\/\/pf-poirie.fr\/index.php\/wp-json\/wp\/v2\/comments?post=2720"}],"version-history":[{"count":8,"href":"https:\/\/pf-poirie.fr\/index.php\/wp-json\/wp\/v2\/pages\/2720\/revisions"}],"predecessor-version":[{"id":2780,"href":"https:\/\/pf-poirie.fr\/index.php\/wp-json\/wp\/v2\/pages\/2720\/revisions\/2780"}],"wp:attachment":[{"href":"https:\/\/pf-poirie.fr\/index.php\/wp-json\/wp\/v2\/media?parent=2720"}],"curies":[{"name":"wp","href":"https:\/\/api.w.org\/{rel}","templated":true}]}}