{"id":2632,"date":"2021-04-19T11:17:54","date_gmt":"2021-04-19T11:17:54","guid":{"rendered":"https:\/\/pf-poirie.fr\/?page_id=2632"},"modified":"2023-04-06T11:48:44","modified_gmt":"2023-04-06T11:48:44","slug":"le-deuil","status":"publish","type":"page","link":"https:\/\/pf-poirie.fr\/index.php\/le-deuil\/","title":{"rendered":"Le Deuil"},"content":{"rendered":"<p>[vc_row][vc_column][vc_empty_space height=\u00a0\u00bb50px\u00a0\u00bb][vc_column_text]<\/p>\n<h1><img loading=\"lazy\" decoding=\"async\" class=\"alignnone size-full wp-image-2670\" src=\"https:\/\/pf-poirie.fr\/wp-content\/uploads\/2021\/05\/fleur.png\" alt=\"\" width=\"65\" height=\"16\" \/>Le Deuil<\/h1>\n<p>[\/vc_column_text][vc_empty_space height=\u00a0\u00bb50px\u00a0\u00bb][\/vc_column][\/vc_row][vc_row][vc_column][vc_column_text]<\/p>\n<div class=\"wpb_text_column wpb_content_element \">\n<div class=\"wpb_wrapper\">\n<h2><span style=\"color: #597787;\">Les \u00e9tapes du Deuil<\/span><\/h2>\n<\/div>\n<\/div>\n<p>&nbsp;<\/p>\n<div><\/div>\n<div class=\"wpb_text_column wpb_content_element \">\n<div class=\"wpb_wrapper\">\n<p><img loading=\"lazy\" decoding=\"async\" class=\"size-medium wp-image-2740 alignleft\" src=\"https:\/\/pf-poirie.fr\/wp-content\/uploads\/2023\/04\/when-we-have-problems-good-have-someone-close-300x200.jpg\" alt=\"\" width=\"300\" height=\"200\" \/><\/p>\n<p>Le deuil est un processus complexe et souvent douloureux qui peut suivre la perte d&rsquo;un \u00eatre cher, d&rsquo;une relation, ou de tout autre \u00e9l\u00e9ment important dans la vie d&rsquo;une personne. Les cinq \u00e9tapes du deuil, telles que d\u00e9crites par le psychiatre suisse Elisabeth K\u00fcbler-Ross, sont les suivantes :<\/p>\n<p>&nbsp;<\/p>\n<p>&nbsp;<\/p>\n<\/div>\n<\/div>\n<p>[\/vc_column_text][\/vc_column][\/vc_row][vc_row][vc_column][vc_empty_space][vc_separator color=\u00a0\u00bbpeacoc\u00a0\u00bb][vc_empty_space][\/vc_column][\/vc_row][vc_row][vc_column][vc_column_text]<\/p>\n<h2><span style=\"color: #3e7387;\">Le d\u00e9ni <\/span><\/h2>\n<p>Cette \u00e9tape se caract\u00e9rise par un refus de croire que la perte s&rsquo;est produite. Il est courant de se sentir choqu\u00e9, incr\u00e9dule, et de se convaincre que ce n&rsquo;est pas r\u00e9el.[\/vc_column_text][\/vc_column][\/vc_row][vc_row][vc_column][vc_empty_space][vc_separator color=\u00a0\u00bbpeacoc\u00a0\u00bb][vc_empty_space][\/vc_column][\/vc_row][vc_row][vc_column][vc_column_text]<\/p>\n<h2><span style=\"color: #3e7387;\">La col\u00e8re <\/span><\/h2>\n<p>La col\u00e8re est une r\u00e9ponse \u00e9motionnelle normale et naturelle \u00e0 la perte. On peut se sentir en col\u00e8re contre l&rsquo;\u00eatre cher disparu, contre soi-m\u00eame, contre les autres, contre le monde entier.[\/vc_column_text][\/vc_column][\/vc_row][vc_row][vc_column][vc_empty_space][vc_separator color=\u00a0\u00bbpeacoc\u00a0\u00bb][vc_empty_space][\/vc_column][\/vc_row][vc_row][vc_column][vc_column_text]<\/p>\n<h2><span style=\"color: #3e7387;\">Le marchandage <\/span><\/h2>\n<p>C&rsquo;est une \u00e9tape o\u00f9 l&rsquo;on essaie de n\u00e9gocier avec soi-m\u00eame ou avec une puissance sup\u00e9rieure pour essayer de faire revenir l&rsquo;\u00eatre cher perdu ou pour tenter de changer la situation.[\/vc_column_text][\/vc_column][\/vc_row][vc_row][vc_column][vc_empty_space][vc_separator color=\u00a0\u00bbpeacoc\u00a0\u00bb][vc_empty_space][\/vc_column][\/vc_row][vc_row][vc_column][vc_column_text]<\/p>\n<h2><span style=\"color: #597787;\">La d\u00e9pression<\/span><\/h2>\n<p>\u00c0 cette \u00e9tape, la r\u00e9alit\u00e9 de la perte commence \u00e0 s&rsquo;installer et la douleur peut devenir tr\u00e8s intense. On peut se sentir triste, seul, et d\u00e9sesp\u00e9r\u00e9.[\/vc_column_text][\/vc_column][\/vc_row][vc_row][vc_column][vc_empty_space][vc_separator color=\u00a0\u00bbpeacoc\u00a0\u00bb][vc_empty_space][\/vc_column][\/vc_row][vc_row][vc_column][vc_column_text]<\/p>\n<h2><span style=\"color: #3e7387;\">L&rsquo;acceptation <\/span><\/h2>\n<p>&nbsp;<\/p>\n<p><img loading=\"lazy\" decoding=\"async\" class=\"size-medium wp-image-2742 alignleft\" src=\"https:\/\/pf-poirie.fr\/wp-content\/uploads\/2023\/04\/elderly-woman-visiting-grave-loved-one-scaled-e1680781688652-300x200.jpg\" alt=\"\" width=\"300\" height=\"200\" \/>Cette \u00e9tape est souvent consid\u00e9r\u00e9e comme la derni\u00e8re \u00e9tape du deuil, mais cela ne signifie pas que la douleur dispara\u00eet totalement. Elle se caract\u00e9rise par l&rsquo;acceptation de la perte et le d\u00e9but du processus de gu\u00e9rison. On commence \u00e0 se reconstruire une vie sans la personne perdue.<\/p>\n<p>&nbsp;<\/p>\n<p>Il est important de noter que ces \u00e9tapes ne sont pas lin\u00e9aires et que tout le monde peut les vivre diff\u00e9remment et \u00e0 leur propre rythme. Certaines personnes peuvent sauter certaines \u00e9tapes, ou revenir en arri\u00e8re, ou bien rester bloqu\u00e9es dans l&rsquo;une d&rsquo;entre elles. Le processus de deuil est unique \u00e0 chaque individu et il est important de donner \u00e0 chacun l&rsquo;espace et le temps dont il a besoin pour faire face \u00e0 sa perte.<\/p>\n<p>&nbsp;<\/p>\n<p>Des lignes d\u2019\u00e9coute t\u00e9l\u00e9phonique, psychologues, colloques, r\u00e9unions, vid\u00e9os sont disponibles pour celles et ceux qui en ressentent le besoin. Les aides sont multiples et adapt\u00e9es \u00e0 toutes les situations. Nous avons s\u00e9lectionn\u00e9 pour vous un organisme sp\u00e9cialis\u00e9 dans le deuil qui propose des solutions d\u2019aide et de soutien adapt\u00e9es \u00e0 chaque situation de deuil :\u00a0<strong>F\u00e9d\u00e9ration Europ\u00e9enne Vivre Son Deuil<\/strong>\u00a0<a href=\"http:\/\/vivresondeuil.asso.fr\/\" target=\"_blank\" rel=\"noopener noreferrer\">http:\/\/vivresondeuil.asso.fr<\/a>[\/vc_column_text][\/vc_column][\/vc_row][vc_row][vc_column][vc_empty_space][vc_separator color=\u00a0\u00bbpeacoc\u00a0\u00bb][vc_empty_space][\/vc_column][\/vc_row]<\/p>\n","protected":false},"excerpt":{"rendered":"<p>[vc_row][vc_column][vc_empty_space height=\u00a0\u00bb50px\u00a0\u00bb][vc_column_text] Le Deuil [\/vc_column_text][vc_empty_space height=\u00a0\u00bb50px\u00a0\u00bb][\/vc_column][\/vc_row][vc_row][vc_column][vc_column_text] Les \u00e9tapes du Deuil &nbsp; Le deuil est un processus complexe et souvent douloureux qui peut suivre la perte d&rsquo;un \u00eatre cher, d&rsquo;une relation, ou de tout autre \u00e9l\u00e9ment important dans la vie d&rsquo;une personne. Les cinq \u00e9tapes du deuil, telles que d\u00e9crites par le psychiatre suisse Elisabeth K\u00fcbler-Ross,&hellip;<\/p>\n","protected":false},"author":1,"featured_media":0,"parent":0,"menu_order":0,"comment_status":"closed","ping_status":"open","template":"","meta":[],"class_list":["post-2632","page","type-page","status-publish","hentry","description-off"],"_links":{"self":[{"href":"https:\/\/pf-poirie.fr\/index.php\/wp-json\/wp\/v2\/pages\/2632","targetHints":{"allow":["GET"]}}],"collection":[{"href":"https:\/\/pf-poirie.fr\/index.php\/wp-json\/wp\/v2\/pages"}],"about":[{"href":"https:\/\/pf-poirie.fr\/index.php\/wp-json\/wp\/v2\/types\/page"}],"author":[{"embeddable":true,"href":"https:\/\/pf-poirie.fr\/index.php\/wp-json\/wp\/v2\/users\/1"}],"replies":[{"embeddable":true,"href":"https:\/\/pf-poirie.fr\/index.php\/wp-json\/wp\/v2\/comments?post=2632"}],"version-history":[{"count":5,"href":"https:\/\/pf-poirie.fr\/index.php\/wp-json\/wp\/v2\/pages\/2632\/revisions"}],"predecessor-version":[{"id":2743,"href":"https:\/\/pf-poirie.fr\/index.php\/wp-json\/wp\/v2\/pages\/2632\/revisions\/2743"}],"wp:attachment":[{"href":"https:\/\/pf-poirie.fr\/index.php\/wp-json\/wp\/v2\/media?parent=2632"}],"curies":[{"name":"wp","href":"https:\/\/api.w.org\/{rel}","templated":true}]}}