{"id":2620,"date":"2021-04-19T11:07:04","date_gmt":"2021-04-19T11:07:04","guid":{"rendered":"https:\/\/pf-poirie.fr\/?page_id=2620"},"modified":"2023-04-12T15:00:17","modified_gmt":"2023-04-12T15:00:17","slug":"fleurs-et-ornements","status":"publish","type":"page","link":"https:\/\/pf-poirie.fr\/index.php\/fleurs-et-ornements\/","title":{"rendered":"Fleurs et Ornements"},"content":{"rendered":"<p>[vc_row][vc_column][vc_empty_space height=\u00a0\u00bb50px\u00a0\u00bb][vc_column_text]<\/p>\n<h1><img loading=\"lazy\" decoding=\"async\" class=\"alignnone size-full wp-image-2670\" src=\"https:\/\/pf-poirie.fr\/wp-content\/uploads\/2021\/05\/fleur.png\" alt=\"\" width=\"65\" height=\"16\" \/>Plaques, Fleurs et Ornements<\/h1>\n<p>[\/vc_column_text][vc_empty_space height=\u00a0\u00bb50px\u00a0\u00bb][vc_row_inner][vc_column_inner width=\u00a0\u00bb1\/2&Prime;][vc_single_image image=\u00a0\u00bb2621&Prime; img_size=\u00a0\u00bbfull\u00a0\u00bb alignment=\u00a0\u00bbcenter\u00a0\u00bb][\/vc_column_inner][vc_column_inner width=\u00a0\u00bb1\/2&Prime;][vc_single_image image=\u00a0\u00bb2709&Prime; img_size=\u00a0\u00bb630X287&Prime; alignment=\u00a0\u00bbcenter\u00a0\u00bb][\/vc_column_inner][\/vc_row_inner][vc_empty_space height=\u00a0\u00bb50px\u00a0\u00bb][vc_column_text]<strong>Une plaque fun\u00e9raire<\/strong> est un type de monument fun\u00e9raire qui est souvent plac\u00e9 sur une tombe ou un columbarium pour honorer la m\u00e9moire d&rsquo;une personne d\u00e9c\u00e9d\u00e9e. Elle est g\u00e9n\u00e9ralement en m\u00e9tal, en pierre, en verre ou en c\u00e9ramique, et peut comporter des inscriptions, des motifs, des dessins ou des photographies.<\/p>\n<p>La plaque fun\u00e9raire sert \u00e0 fournir un moyen de comm\u00e9moration durable et visible pour les proches de la personne d\u00e9c\u00e9d\u00e9e. Elle peut contenir des informations telles que le nom, les dates de naissance et de d\u00e9c\u00e8s, ainsi que des citations, des po\u00e8mes, des pri\u00e8res ou d&rsquo;autres messages personnalis\u00e9s en l&rsquo;honneur de la personne d\u00e9c\u00e9d\u00e9e.<\/p>\n<p>Les plaques fun\u00e9raires sont souvent utilis\u00e9es en conjonction avec d&rsquo;autres monuments fun\u00e9raires, tels que des pierres tombales ou des columbariums. Elles sont \u00e9galement utilis\u00e9es pour marquer les emplacements de s\u00e9pulture anonymes ou les lieux o\u00f9 les cendres ont \u00e9t\u00e9 dispers\u00e9es.[\/vc_column_text][vc_empty_space height=\u00a0\u00bb80px\u00a0\u00bb][vc_column_text]<strong>Un ornement fun\u00e9raire<\/strong> est un \u00e9l\u00e9ment de d\u00e9coration utilis\u00e9 pour embellir une tombe ou un monument fun\u00e9raire, en hommage au d\u00e9funt. Il peut s&rsquo;agir d&rsquo;objets tels que des vases, des jardini\u00e8res, des statues, des plaques comm\u00e9moratives, des lanternes, des bougies ou encore des compositions florales.<\/p>\n<p>Les ornements fun\u00e9raires sont souvent choisis en fonction des go\u00fbts et des souhaits du d\u00e9funt ou de sa famille. Ils peuvent \u00eatre personnalis\u00e9s avec des inscriptions, des symboles ou des motifs qui refl\u00e8tent la personnalit\u00e9 ou les croyances du d\u00e9funt. Par exemple, une croix pour un d\u00e9funt chr\u00e9tien, une \u00e9toile de David pour un d\u00e9funt juif, ou encore un symbole de l&rsquo;infini pour repr\u00e9senter l&rsquo;\u00e9ternit\u00e9.<\/p>\n<p>Les ornements fun\u00e9raires sont g\u00e9n\u00e9ralement dispos\u00e9s sur ou autour de la tombe ou du monument fun\u00e9raire, et peuvent \u00eatre renouvel\u00e9s r\u00e9guli\u00e8rement par les proches du d\u00e9funt pour entretenir la s\u00e9pulture et maintenir le souvenir du d\u00e9funt.[\/vc_column_text][vc_column_text]<\/p>\n<p>&nbsp;<\/p>\n<p><b>N\u2019h\u00e9sitez pas \u00e0 <a href=\"https:\/\/pf-poirie.fr\/index.php\/contact\/\">nous contacter<\/a> ou \u00e0 venir d\u00e9couvrir nos plaques et \u00a0ornements dans nos agences.<\/b>[\/vc_column_text][vc_empty_space height=\u00a0\u00bb80px\u00a0\u00bb][\/vc_column][\/vc_row][vc_row][vc_column][vc_empty_space][vc_separator color=\u00a0\u00bbpeacoc\u00a0\u00bb][vc_empty_space][\/vc_column][\/vc_row]<\/p>\n","protected":false},"excerpt":{"rendered":"<p>[vc_row][vc_column][vc_empty_space height=\u00a0\u00bb50px\u00a0\u00bb][vc_column_text] Plaques, Fleurs et Ornements [\/vc_column_text][vc_empty_space height=\u00a0\u00bb50px\u00a0\u00bb][vc_row_inner][vc_column_inner width=\u00a0\u00bb1\/2&Prime;][vc_single_image image=\u00a0\u00bb2621&Prime; img_size=\u00a0\u00bbfull\u00a0\u00bb alignment=\u00a0\u00bbcenter\u00a0\u00bb][\/vc_column_inner][vc_column_inner width=\u00a0\u00bb1\/2&Prime;][vc_single_image image=\u00a0\u00bb2709&Prime; img_size=\u00a0\u00bb630X287&Prime; alignment=\u00a0\u00bbcenter\u00a0\u00bb][\/vc_column_inner][\/vc_row_inner][vc_empty_space height=\u00a0\u00bb50px\u00a0\u00bb][vc_column_text]Une plaque fun\u00e9raire est un type de monument fun\u00e9raire qui est souvent plac\u00e9 sur une tombe ou un columbarium pour honorer la m\u00e9moire d&rsquo;une personne d\u00e9c\u00e9d\u00e9e. Elle est g\u00e9n\u00e9ralement en m\u00e9tal, en pierre, en verre ou en c\u00e9ramique, et&hellip;<\/p>\n","protected":false},"author":1,"featured_media":0,"parent":0,"menu_order":0,"comment_status":"closed","ping_status":"open","template":"","meta":[],"class_list":["post-2620","page","type-page","status-publish","hentry","description-off"],"_links":{"self":[{"href":"https:\/\/pf-poirie.fr\/index.php\/wp-json\/wp\/v2\/pages\/2620","targetHints":{"allow":["GET"]}}],"collection":[{"href":"https:\/\/pf-poirie.fr\/index.php\/wp-json\/wp\/v2\/pages"}],"about":[{"href":"https:\/\/pf-poirie.fr\/index.php\/wp-json\/wp\/v2\/types\/page"}],"author":[{"embeddable":true,"href":"https:\/\/pf-poirie.fr\/index.php\/wp-json\/wp\/v2\/users\/1"}],"replies":[{"embeddable":true,"href":"https:\/\/pf-poirie.fr\/index.php\/wp-json\/wp\/v2\/comments?post=2620"}],"version-history":[{"count":10,"href":"https:\/\/pf-poirie.fr\/index.php\/wp-json\/wp\/v2\/pages\/2620\/revisions"}],"predecessor-version":[{"id":2625,"href":"https:\/\/pf-poirie.fr\/index.php\/wp-json\/wp\/v2\/pages\/2620\/revisions\/2625"}],"wp:attachment":[{"href":"https:\/\/pf-poirie.fr\/index.php\/wp-json\/wp\/v2\/media?parent=2620"}],"curies":[{"name":"wp","href":"https:\/\/api.w.org\/{rel}","templated":true}]}}