{"id":2597,"date":"2021-04-19T10:08:01","date_gmt":"2021-04-19T10:08:01","guid":{"rendered":"https:\/\/pf-poirie.fr\/?page_id=2597"},"modified":"2023-04-12T09:23:30","modified_gmt":"2023-04-12T09:23:30","slug":"obseques","status":"publish","type":"page","link":"https:\/\/pf-poirie.fr\/index.php\/obseques\/","title":{"rendered":"obs\u00e8ques"},"content":{"rendered":"<p>[vc_row][vc_column][vc_empty_space height=\u00a0\u00bb50px\u00a0\u00bb][vc_column_text]<\/p>\n<h1><img loading=\"lazy\" decoding=\"async\" class=\"alignnone size-full wp-image-2670\" src=\"https:\/\/pf-poirie.fr\/wp-content\/uploads\/2021\/05\/fleur.png\" alt=\"\" width=\"65\" height=\"16\" \/>Toutes nos prestations<\/h1>\n<p>[\/vc_column_text][vc_empty_space height=\u00a0\u00bb50px\u00a0\u00bb][vc_column_text]<\/p>\n<h4 style=\"text-align: center;\"><span style=\"color: #597787;\">Tous nos professionnels sont \u00e0 vos c\u00f4t\u00e9s pour vous accompagner \u00e0 chaque \u00e9tape des obs\u00e8ques, depuis la prise en charge de votre d\u00e9funt jusqu&rsquo;\u00e0 son lieu de s\u00e9pulture.<\/span><\/h4>\n<p>[\/vc_column_text][vc_empty_space height=\u00a0\u00bb80px\u00a0\u00bb][\/vc_column][\/vc_row][vc_row][vc_column width=\u00a0\u00bb1\/4&Prime;][vc_single_image image=\u00a0\u00bb2712&Prime; img_size=\u00a0\u00bbfull\u00a0\u00bb alignment=\u00a0\u00bbcenter\u00a0\u00bb][\/vc_column][vc_column width=\u00a0\u00bb3\/4&Prime;][vc_column_text]<\/p>\n<p style=\"text-align: center;\"><strong>Accompagnement et conseil <\/strong><\/p>\n<p>Nous sommes l\u00e0 pour accompagner et conseiller les familles dans les d\u00e9marches \u00e0 effectuer, les choix \u00e0 faire pour l&rsquo;organisation des obs\u00e8ques, le cercueil ou l&rsquo;urne fun\u00e9raire, la s\u00e9lection des fleurs et des ornements, la r\u00e9daction des faire-part..[\/vc_column_text][\/vc_column][\/vc_row][vc_row][vc_column][vc_empty_space][vc_separator color=\u00a0\u00bbpeacoc\u00a0\u00bb][vc_empty_space][\/vc_column][\/vc_row][vc_row][vc_column width=\u00a0\u00bb3\/4&Prime;][vc_column_text]<\/p>\n<p style=\"text-align: center;\"><strong>Transport du corps<\/strong><\/p>\n<p style=\"text-align: left;\">Nous pouvons assurer le transport du corps du d\u00e9funt de l&rsquo;endroit o\u00f9 il se trouve vers la chambre fun\u00e9raire, la maison fun\u00e9raire, ou vers l&rsquo;\u00e9glise ou le lieu de c\u00e9r\u00e9monie.<\/p>\n<p>[\/vc_column_text][\/vc_column][vc_column width=\u00a0\u00bb1\/4&Prime;][vc_single_image image=\u00a0\u00bb2716&Prime; img_size=\u00a0\u00bbfull\u00a0\u00bb alignment=\u00a0\u00bbcenter\u00a0\u00bb][\/vc_column][\/vc_row][vc_row][vc_column][vc_empty_space][vc_separator color=\u00a0\u00bbpeacoc\u00a0\u00bb][vc_empty_space][\/vc_column][\/vc_row][vc_row][vc_column width=\u00a0\u00bb1\/4&Prime;][vc_single_image image=\u00a0\u00bb2766&Prime; img_size=\u00a0\u00bbfull\u00a0\u00bb alignment=\u00a0\u00bbcenter\u00a0\u00bb][\/vc_column][vc_column width=\u00a0\u00bb3\/4&Prime;][vc_column_text]<\/p>\n<p style=\"text-align: center;\"><strong>Pr\u00e9paration du corps <\/strong><\/p>\n<p>Nous pouvons effectuer la pr\u00e9paration du corps du d\u00e9funt pour les obs\u00e8ques, qui peut inclure la toilette mortuaire, la mise en bi\u00e8re, la pr\u00e9sentation du corps, la thanatopraxie (soins de conservation), etc.[\/vc_column_text][\/vc_column][\/vc_row][vc_row][vc_column][vc_empty_space][vc_separator color=\u00a0\u00bbpeacoc\u00a0\u00bb][vc_empty_space][\/vc_column][\/vc_row][vc_row][vc_column width=\u00a0\u00bb3\/4&Prime;][vc_column_text]<\/p>\n<p style=\"text-align: center;\"><strong>Mise \u00e0 disposition de la chambre fun\u00e9raire <\/strong><\/p>\n<p style=\"text-align: left;\">Nous pouvons vous proposer une chambre fun\u00e9raire (selon disponibilit\u00e9) pour accueillir vos proches et permettre les veill\u00e9es fun\u00e9raires.<\/p>\n<p>[\/vc_column_text][\/vc_column][vc_column width=\u00a0\u00bb1\/4&Prime;][vc_single_image image=\u00a0\u00bb2725&Prime; img_size=\u00a0\u00bbfull\u00a0\u00bb alignment=\u00a0\u00bbcenter\u00a0\u00bb][\/vc_column][\/vc_row][vc_row][vc_column][vc_empty_space][vc_separator color=\u00a0\u00bbpeacoc\u00a0\u00bb][vc_empty_space][\/vc_column][\/vc_row][vc_row][vc_column width=\u00a0\u00bb1\/4&Prime;][vc_single_image image=\u00a0\u00bb2744&Prime; img_size=\u00a0\u00bbfull\u00a0\u00bb alignment=\u00a0\u00bbcenter\u00a0\u00bb][\/vc_column][vc_column width=\u00a0\u00bb3\/4&Prime;][vc_column_text]<\/p>\n<p style=\"text-align: center;\"><strong>Organisation des obs\u00e8ques<\/strong><\/p>\n<p>Nous organisons les obs\u00e8ques en coordonnant les diff\u00e9rents intervenants tels que le c\u00e9l\u00e9brant, le fleuriste, le musicien, etc. Ils peuvent \u00e9galement aider \u00e0 la r\u00e9servation des salles, des v\u00e9hicules, etc.[\/vc_column_text][\/vc_column][\/vc_row][vc_row][vc_column][vc_empty_space][vc_separator color=\u00a0\u00bbpeacoc\u00a0\u00bb][vc_empty_space][\/vc_column][\/vc_row][vc_row][vc_column width=\u00a0\u00bb3\/4&Prime;][vc_column_text]<\/p>\n<p style=\"text-align: center;\"><strong>Cr\u00e9mation ou inhumation<\/strong><\/p>\n<p style=\"text-align: left;\">Nous pouvons prendre en charge la cr\u00e9mation ou l&rsquo;inhumation du d\u00e9funt, en respectant les choix de la famille.<\/p>\n<p>[\/vc_column_text][\/vc_column][vc_column width=\u00a0\u00bb1\/4&Prime;][vc_single_image image=\u00a0\u00bb2621&Prime; img_size=\u00a0\u00bbfull\u00a0\u00bb alignment=\u00a0\u00bbcenter\u00a0\u00bb][\/vc_column][\/vc_row][vc_row][vc_column][vc_empty_space][vc_separator color=\u00a0\u00bbpeacoc\u00a0\u00bb][vc_empty_space][\/vc_column][\/vc_row][vc_row][vc_column width=\u00a0\u00bb1\/4&Prime;][vc_single_image image=\u00a0\u00bb2746&Prime; img_size=\u00a0\u00bbfull\u00a0\u00bb alignment=\u00a0\u00bbcenter\u00a0\u00bb][\/vc_column][vc_column width=\u00a0\u00bb3\/4&Prime;][vc_column_text]<\/p>\n<p style=\"text-align: center;\"><strong>D\u00e9marches administratives, avant et apr\u00e8s obs\u00e8ques<\/strong><\/p>\n<p>Nous assistons les familles dans les d\u00e9marches administratives \u00e0 effectuer, telles que la d\u00e9claration de d\u00e9c\u00e8s, la demande d&rsquo;autorisation de cr\u00e9mation, la demande d&rsquo;aide financi\u00e8re, etc.[\/vc_column_text][\/vc_column][\/vc_row][vc_row][vc_column][vc_empty_space][vc_separator color=\u00a0\u00bbpeacoc\u00a0\u00bb][vc_empty_space][\/vc_column][\/vc_row]<\/p>\n","protected":false},"excerpt":{"rendered":"<p>[vc_row][vc_column][vc_empty_space height=\u00a0\u00bb50px\u00a0\u00bb][vc_column_text] Toutes nos prestations [\/vc_column_text][vc_empty_space height=\u00a0\u00bb50px\u00a0\u00bb][vc_column_text] Tous nos professionnels sont \u00e0 vos c\u00f4t\u00e9s pour vous accompagner \u00e0 chaque \u00e9tape des obs\u00e8ques, depuis la prise en charge de votre d\u00e9funt jusqu&rsquo;\u00e0 son lieu de s\u00e9pulture. [\/vc_column_text][vc_empty_space height=\u00a0\u00bb80px\u00a0\u00bb][\/vc_column][\/vc_row][vc_row][vc_column width=\u00a0\u00bb1\/4&Prime;][vc_single_image image=\u00a0\u00bb2712&Prime; img_size=\u00a0\u00bbfull\u00a0\u00bb alignment=\u00a0\u00bbcenter\u00a0\u00bb][\/vc_column][vc_column width=\u00a0\u00bb3\/4&Prime;][vc_column_text] Accompagnement et conseil Nous sommes l\u00e0 pour accompagner et conseiller les familles dans&hellip;<\/p>\n","protected":false},"author":1,"featured_media":0,"parent":0,"menu_order":0,"comment_status":"closed","ping_status":"open","template":"","meta":[],"class_list":["post-2597","page","type-page","status-publish","hentry","description-off"],"_links":{"self":[{"href":"https:\/\/pf-poirie.fr\/index.php\/wp-json\/wp\/v2\/pages\/2597","targetHints":{"allow":["GET"]}}],"collection":[{"href":"https:\/\/pf-poirie.fr\/index.php\/wp-json\/wp\/v2\/pages"}],"about":[{"href":"https:\/\/pf-poirie.fr\/index.php\/wp-json\/wp\/v2\/types\/page"}],"author":[{"embeddable":true,"href":"https:\/\/pf-poirie.fr\/index.php\/wp-json\/wp\/v2\/users\/1"}],"replies":[{"embeddable":true,"href":"https:\/\/pf-poirie.fr\/index.php\/wp-json\/wp\/v2\/comments?post=2597"}],"version-history":[{"count":21,"href":"https:\/\/pf-poirie.fr\/index.php\/wp-json\/wp\/v2\/pages\/2597\/revisions"}],"predecessor-version":[{"id":2768,"href":"https:\/\/pf-poirie.fr\/index.php\/wp-json\/wp\/v2\/pages\/2597\/revisions\/2768"}],"wp:attachment":[{"href":"https:\/\/pf-poirie.fr\/index.php\/wp-json\/wp\/v2\/media?parent=2597"}],"curies":[{"name":"wp","href":"https:\/\/api.w.org\/{rel}","templated":true}]}}