{"id":2576,"date":"2021-04-19T08:37:52","date_gmt":"2021-04-19T08:37:52","guid":{"rendered":"https:\/\/pf-poirie.fr\/?page_id=2576"},"modified":"2021-05-03T13:47:40","modified_gmt":"2021-05-03T13:47:40","slug":"que-faire-en-cas-de-deces","status":"publish","type":"page","link":"https:\/\/pf-poirie.fr\/index.php\/que-faire-en-cas-de-deces\/","title":{"rendered":"Que faire en cas de d\u00e9c\u00e8s"},"content":{"rendered":"[vc_row][vc_column][vc_empty_space height=\u00a0\u00bb50px\u00a0\u00bb][vc_column_text]\r\n<h1><img loading=\"lazy\" decoding=\"async\" class=\"alignnone size-full wp-image-2670\" src=\"https:\/\/pf-poirie.fr\/wp-content\/uploads\/2021\/05\/fleur.png\" alt=\"\" width=\"65\" height=\"16\" \/>Que faire en cas de d\u00e9c\u00e8s<\/h1>\r\n[\/vc_column_text][vc_empty_space height=\u00a0\u00bb50px\u00a0\u00bb][vc_column_text]Le d\u00e9c\u00e8s devra avant tout \u00eatre constat\u00e9 par un m\u00e9decin qui r\u00e9digera un\u00a0<strong>certificat de d\u00e9c\u00e8s\u00a0<\/strong>sur un formulaire officiel.\r\nCe certificat de d\u00e9c\u00e8s (associ\u00e9 \u00e0 des informations sur l\u2019\u00e9tat civil du d\u00e9funt) devra \u00eatre transmis \u00e0 la mairie du lieu de d\u00e9c\u00e8s dans les 24 heures afin que celle-ci \u00e9tablisse un\u00a0<strong>acte de d\u00e9c\u00e8s\u00a0<\/strong>: cette d\u00e9marche peut \u00eatre effectu\u00e9e par l\u2019entreprise de pompes fun\u00e8bres.\r\n\r\n&nbsp;\r\n<h4 align=\"center\"><span style=\"color: #597787;\">N\u2019h\u00e9sitez pas \u00e0 nous appeler au <strong>03 44 02 28 00<\/strong><\/span><\/h4>\r\n&nbsp;\r\n\r\nSelon le contexte ou le lieu du d\u00e9c\u00e8s, ces premi\u00e8res formalit\u00e9s pourront \u00eatre l\u00e9g\u00e8rement diff\u00e9rentes :\r\n<ul>\r\n \t<li>Si le d\u00e9c\u00e8s a lieu au domicile, vous disposez de 24 heures pour le faire constater sur place, par un m\u00e9decin.<\/li>\r\n \t<li>Si le d\u00e9c\u00e8s a lieu dans un \u00e9tablissement de soins, (h\u00f4pital, clinique, maison m\u00e9dicalis\u00e9e\u2026), c\u2019est le m\u00e9decin de garde qui \u00e9tablira le certificat de d\u00e9c\u00e8s.<\/li>\r\n \t<li>Si le d\u00e9c\u00e8s survient sur la voie publique, le Maire, la police ou la gendarmerie enverra un m\u00e9decin pour constater le d\u00e9c\u00e8s. Le transport et l\u2019admission du corps en chambre fun\u00e9raire sera alors requis par ces m\u00eames instances.<\/li>\r\n \t<li>En cas de d\u00e9c\u00e8s accidentel ou de suicide, vous devrez alerter la gendarmerie ou la police. En fonction des circonstances du d\u00e9c\u00e8s, le procureur pourra d\u00e9cider d\u2019ouvrir une enqu\u00eate de police. Dans ce cas, le d\u00e9funt sera transport\u00e9 \u00e0 l\u2019Institut M\u00e9dico-L\u00e9gal (IML) o\u00f9 le m\u00e9decin requis par l\u2019autorit\u00e9 judiciaire \u00e9tablira le certificat de d\u00e9c\u00e8s.<\/li>\r\n<\/ul>\r\n<strong>\u00a0<\/strong>\r\n\r\n<img loading=\"lazy\" decoding=\"async\" class=\"alignnone size-full wp-image-2580\" src=\"https:\/\/pf-poirie.fr\/wp-content\/uploads\/2021\/04\/grey_arrow.png\" alt=\"\" width=\"52\" height=\"38\" \/>\u00a0Si le d\u00e9c\u00e8s survient \u00e0 l\u2019\u00e9tranger, appelez-nous, nous effectueront pour vous toutes les d\u00e9marches aupr\u00e8s des diff\u00e9rents organismes.[\/vc_column_text][vc_empty_space height=\u00a0\u00bb30px\u00a0\u00bb][\/vc_column][\/vc_row][vc_row][vc_column][vc_empty_space][vc_separator color=\u00a0\u00bbpurple\u00a0\u00bb][vc_empty_space][\/vc_column][\/vc_row][vc_row][vc_column][vc_empty_space][\/vc_column][\/vc_row][vc_row][vc_column][vc_column_text]\r\n\r\n[\/vc_column_text][\/vc_column][\/vc_row]<!-- \/wp:post-content -->","protected":false},"excerpt":{"rendered":"<p>[vc_row][vc_column][vc_empty_space height=\u00a0\u00bb50px\u00a0\u00bb][vc_column_text] Que faire en cas de d\u00e9c\u00e8s [\/vc_column_text][vc_empty_space height=\u00a0\u00bb50px\u00a0\u00bb][vc_column_text]Le d\u00e9c\u00e8s devra avant tout \u00eatre constat\u00e9 par un m\u00e9decin qui r\u00e9digera un\u00a0certificat de d\u00e9c\u00e8s\u00a0sur un formulaire officiel. Ce certificat de d\u00e9c\u00e8s (associ\u00e9 \u00e0 des informations sur l\u2019\u00e9tat civil du d\u00e9funt) devra \u00eatre transmis \u00e0 la mairie du lieu de d\u00e9c\u00e8s dans les 24 heures afin&hellip;<\/p>\n","protected":false},"author":1,"featured_media":0,"parent":0,"menu_order":0,"comment_status":"closed","ping_status":"open","template":"","meta":[],"class_list":["post-2576","page","type-page","status-publish","hentry","description-off"],"_links":{"self":[{"href":"https:\/\/pf-poirie.fr\/index.php\/wp-json\/wp\/v2\/pages\/2576","targetHints":{"allow":["GET"]}}],"collection":[{"href":"https:\/\/pf-poirie.fr\/index.php\/wp-json\/wp\/v2\/pages"}],"about":[{"href":"https:\/\/pf-poirie.fr\/index.php\/wp-json\/wp\/v2\/types\/page"}],"author":[{"embeddable":true,"href":"https:\/\/pf-poirie.fr\/index.php\/wp-json\/wp\/v2\/users\/1"}],"replies":[{"embeddable":true,"href":"https:\/\/pf-poirie.fr\/index.php\/wp-json\/wp\/v2\/comments?post=2576"}],"version-history":[{"count":7,"href":"https:\/\/pf-poirie.fr\/index.php\/wp-json\/wp\/v2\/pages\/2576\/revisions"}],"predecessor-version":[{"id":2691,"href":"https:\/\/pf-poirie.fr\/index.php\/wp-json\/wp\/v2\/pages\/2576\/revisions\/2691"}],"wp:attachment":[{"href":"https:\/\/pf-poirie.fr\/index.php\/wp-json\/wp\/v2\/media?parent=2576"}],"curies":[{"name":"wp","href":"https:\/\/api.w.org\/{rel}","templated":true}]}}