{"id":144,"date":"2019-12-06T14:54:49","date_gmt":"2019-12-06T14:54:49","guid":{"rendered":"https:\/\/the7.io\/clothing\/?page_id=144"},"modified":"2025-12-11T10:09:24","modified_gmt":"2025-12-11T10:09:24","slug":"contact","status":"publish","type":"page","link":"https:\/\/pf-poirie.fr\/index.php\/contact\/","title":{"rendered":"Contact"},"content":{"rendered":"<p>[vc_row row_type=\u00a0\u00bbrow\u00a0\u00bb use_row_as_full_screen_section=\u00a0\u00bbno\u00a0\u00bb type=\u00a0\u00bbgrid\u00a0\u00bb angled_section=\u00a0\u00bbno\u00a0\u00bb text_align=\u00a0\u00bbleft\u00a0\u00bb background_image_as_pattern=\u00a0\u00bbwithout_pattern\u00a0\u00bb css=\u00a0\u00bb.vc_custom_1469441071554{padding-top: 3.2% !important;padding-bottom: 4% !important;}\u00a0\u00bb][vc_column][vc_column_text]<\/p>\n<h1><img loading=\"lazy\" decoding=\"async\" class=\"alignnone size-full wp-image-2670\" src=\"https:\/\/pf-poirie.fr\/wp-content\/uploads\/2021\/05\/fleur.png\" alt=\"\" width=\"65\" height=\"16\" \/>Venir nous voir<\/h1>\n<p>[\/vc_column_text][vc_empty_space height=\u00a0\u00bb7px\u00a0\u00bb][\/vc_column][\/vc_row][vc_row row_type=\u00a0\u00bbrow\u00a0\u00bb use_row_as_full_screen_section=\u00a0\u00bbno\u00a0\u00bb type=\u00a0\u00bbgrid\u00a0\u00bb angled_section=\u00a0\u00bbno\u00a0\u00bb text_align=\u00a0\u00bbleft\u00a0\u00bb background_image_as_pattern=\u00a0\u00bbwithout_pattern\u00a0\u00bb z_index=\u00a0\u00bb\u00a0\u00bb][vc_column][vc_gmaps link=\u00a0\u00bb#E-8_JTNDaWZyYW1lJTIwc3JjJTNEJTIyaHR0cHMlM0ElMkYlMkZ3d3cuZ29vZ2xlLmNvbSUyRm1hcHMlMkZlbWJlZCUzRnBiJTNEJTIxMW0xOCUyMTFtMTIlMjExbTMlMjExZDI1OTQuMjY2NzAxMjkwNzU1NSUyMTJkMi4xMDM4NjAxNTE5MjIyOTYlMjEzZDQ5LjQ0MTY3NjA3OTI0NzU2JTIxMm0zJTIxMWYwJTIxMmYwJTIxM2YwJTIxM20yJTIxMWkxMDI0JTIxMmk3NjglMjE0ZjEzLjElMjEzbTMlMjExbTIlMjExczB4NDdlNzA3MjM3ZDM2OTNmZiUyNTNBMHhkMDA5MzVjNzVkMDgyOTAzJTIxMnNNYXJicmVyaWUlMjUyMFBvbXBlcyUyNTIwRnVuJTI1QzMlMjVBOGJyZXMlMjUyMFBvaXJpJTI1QzMlMjVBOSUyMTVlMCUyMTNtMiUyMTFzZnIlMjEyc2ZyJTIxNHYxNjE4ODQ3Mjk0NjQ0JTIxNW0yJTIxMXNmciUyMTJzZnIlMjIlMjB3aWR0aCUzRCUyMjYwMCUyMiUyMGhlaWdodCUzRCUyMjQ1MCUyMiUyMHN0eWxlJTNEJTIyYm9yZGVyJTNBMCUzQiUyMiUyMGFsbG93ZnVsbHNjcmVlbiUzRCUyMiUyMiUyMGxvYWRpbmclM0QlMjJsYXp5JTIyJTNFJTNDJTJGaWZyYW1lJTNF\u00a0\u00bb][\/vc_column][\/vc_row][vc_row row_type=\u00a0\u00bbrow\u00a0\u00bb use_row_as_full_screen_section=\u00a0\u00bbno\u00a0\u00bb type=\u00a0\u00bbgrid\u00a0\u00bb angled_section=\u00a0\u00bbno\u00a0\u00bb text_align=\u00a0\u00bbleft\u00a0\u00bb background_image_as_pattern=\u00a0\u00bbwithout_pattern\u00a0\u00bb anchor=\u00a0\u00bbabout\u00a0\u00bb css=\u00a0\u00bb.vc_custom_1603991892896{padding-top: 4.95% !important;padding-bottom: 5.65% !important;}\u00a0\u00bb z_index=\u00a0\u00bb\u00a0\u00bb][vc_column offset=\u00a0\u00bbvc_col-lg-6 vc_col-md-offset-0 vc_col-md-12&Prime; css=\u00a0\u00bb.vc_custom_1604061822173{padding-left: 40px !important;}\u00a0\u00bb][vc_column_text]<span style=\"color: #597787;\"><a style=\"color: #597787;\" href=\"https:\/\/pf-poirie.fr\/contact.php\"><strong>MARBRERIE ET POMPES FUN\u00c9BRES ANDRE POIRIE<\/strong><\/a><\/span>[\/vc_column_text][vc_empty_space height=\u00a0\u00bb37px\u00a0\u00bb][vc_column_text]<span style=\"font-family: 'Arial',sans-serif;\">2 Rue Roger Couderc, <\/span><\/p>\n<p><span style=\"font-family: 'Arial',sans-serif;\">Zone Pin\u00e7onlieu, <\/span><\/p>\n<p><span style=\"font-family: 'Arial',sans-serif;\">60000 BEAUVAIS<\/span><\/p>\n<p><span style=\"font-size: 10.0pt; font-family: 'Arial',sans-serif;\">mail : <\/span><a href=\"mailto:\"><span style=\"font-size: 10.0pt; font-family: 'Arial',sans-serif;\">andrepoirie@orange.fr<\/span><\/a>[\/vc_column_text][vc_empty_space height=\u00a0\u00bb40px\u00a0\u00bb][vc_column_text]<\/p>\n<div class=\"caldera-grid\" id=\"caldera_form_1\" data-cf-ver=\"1.9.7\" data-cf-form-id=\"CF607db674f1027\"><div id=\"caldera_notices_1\" data-spinner=\"https:\/\/pf-poirie.fr\/wp-admin\/images\/spinner.gif\"><\/div><form data-instance=\"1\" class=\"CF607db674f1027 caldera_forms_form cfajax-trigger\" method=\"POST\" enctype=\"multipart\/form-data\" id=\"CF607db674f1027_1\" data-form-id=\"CF607db674f1027\" aria-label=\"Contact\" data-target=\"#caldera_notices_1\" data-template=\"#cfajax_CF607db674f1027-tmpl\" data-cfajax=\"CF607db674f1027\" data-load-element=\"_parent\" data-load-class=\"cf_processing\" data-post-disable=\"0\" data-action=\"cf_process_ajax_submit\" data-request=\"https:\/\/pf-poirie.fr\/cf-api\/CF607db674f1027\" data-hiderows=\"true\">\r\n<input type=\"hidden\" id=\"_cf_verify_CF607db674f1027\" name=\"_cf_verify\" value=\"119bbaae89\"  data-nonce-time=\"1778504215\" \/><input type=\"hidden\" name=\"_wp_http_referer\" value=\"\/index.php\/wp-json\/wp\/v2\/pages\/144\" \/><div id=\"cf2-CF607db674f1027_1\"><\/div><input type=\"hidden\" name=\"_cf_frm_id\" value=\"CF607db674f1027\">\r\n<input type=\"hidden\" name=\"_cf_frm_ct\" value=\"1\">\r\n<input type=\"hidden\" name=\"cfajax\" value=\"CF607db674f1027\">\r\n<input type=\"hidden\" name=\"_cf_cr_pst\" value=\"144\">\r\n<div class=\"hide\" style=\"display:none; overflow:hidden;height:0;width:0;\">\r\n<label>Web Site<\/label><input type=\"text\" name=\"web_site\" value=\"\" autocomplete=\"off\">\r\n<\/div><div id=\"CF607db674f1027_1-row-1\"  class=\"row  first_row\"><div  class=\"col-sm-12  single\"><div class=\"\"><h2>Vos d\u00e9tails<\/h2>\n<p>Faites-nous savoir comment vous contacter.<\/p>\n<hr>\n<\/div><\/div><\/div><div id=\"CF607db674f1027_1-row-2\"  class=\"row \"><div  class=\"col-sm-4  first_col\"><div data-field-wrapper=\"fld_8768091\" class=\"form-group\" id=\"fld_8768091_1-wrap\">\r\n\t<label id=\"fld_8768091Label\" for=\"fld_8768091_1\" class=\"control-label\">Pr\u00e9nom <span aria-hidden=\"true\" role=\"presentation\" class=\"field_required\" style=\"color:#ee0000;\">*<\/span><\/label>\r\n\t<div class=\"\">\r\n\t\t<input   required type=\"text\" data-field=\"fld_8768091\" class=\" form-control\" id=\"fld_8768091_1\" name=\"fld_8768091\" value=\"\" data-type=\"text\" aria-required=\"true\"   aria-labelledby=\"fld_8768091Label\" >\t\t\t<\/div>\r\n<\/div>\r\n<\/div><div  class=\"col-sm-4 \"><div data-field-wrapper=\"fld_9970286\" class=\"form-group\" id=\"fld_9970286_1-wrap\">\r\n\t<label id=\"fld_9970286Label\" for=\"fld_9970286_1\" class=\"control-label\">Nom <span aria-hidden=\"true\" role=\"presentation\" class=\"field_required\" style=\"color:#ee0000;\">*<\/span><\/label>\r\n\t<div class=\"\">\r\n\t\t<input   required type=\"text\" data-field=\"fld_9970286\" class=\" form-control\" id=\"fld_9970286_1\" name=\"fld_9970286\" value=\"\" data-type=\"text\" aria-required=\"true\"   aria-labelledby=\"fld_9970286Label\" >\t\t\t<\/div>\r\n<\/div>\r\n<\/div><div  class=\"col-sm-4  last_col\"><div data-field-wrapper=\"fld_6009157\" class=\"form-group\" id=\"fld_6009157_1-wrap\">\r\n\t<label id=\"fld_6009157Label\" for=\"fld_6009157_1\" class=\"control-label\">Email <span aria-hidden=\"true\" role=\"presentation\" class=\"field_required\" style=\"color:#ee0000;\">*<\/span><\/label>\r\n\t<div class=\"\">\r\n\t\t<input   required type=\"email\" data-field=\"fld_6009157\" class=\" form-control\" id=\"fld_6009157_1\" name=\"fld_6009157\" value=\"\" data-type=\"email\" aria-required=\"true\"   aria-labelledby=\"fld_6009157Label\" >\t\t\t<\/div>\r\n<\/div>\r\n<\/div><\/div><div id=\"CF607db674f1027_1-row-3\"  class=\"row \"><div  class=\"col-sm-12  single\"><div class=\"\"><h2>Comment pouvons-nous vous aider ?<\/h2>\n<p>N\u2019h\u00e9sitez pas \u00e0 poser une question ou \u00e0 simplement laisser un commentaire.<\/p>\n<hr>\n<\/div><\/div><\/div><div id=\"CF607db674f1027_1-row-4\"  class=\"row \"><div  class=\"col-sm-12  single\"><div data-field-wrapper=\"fld_7683514\" class=\"form-group\" id=\"fld_7683514_1-wrap\">\r\n\t<label id=\"fld_7683514Label\" for=\"fld_7683514_1\" class=\"control-label\">Commentaires\/questions <span aria-hidden=\"true\" role=\"presentation\" class=\"field_required\" style=\"color:#ee0000;\">*<\/span><\/label>\r\n\t<div class=\"\">\r\n\t\t<textarea name=\"fld_7683514\" value=\"\" data-field=\"fld_7683514\" class=\"form-control\" id=\"fld_7683514_1\" rows=\"7\"  required=\"required\"  aria-labelledby=\"fld_7683514Label\" ><\/textarea>\n\t\t\t<\/div>\r\n<\/div>\r\n<\/div><\/div><div id=\"CF607db674f1027_1-row-5\"  class=\"row  last_row\"><div  class=\"col-sm-12  single\"><div data-field-wrapper=\"fld_7908577\" class=\"form-group\" id=\"fld_7908577_1-wrap\">\r\n<div class=\"\">\r\n\t<input  class=\"btn btn-default\" type=\"submit\" name=\"fld_7908577\" id=\"fld_7908577_1\" value=\"Envoyer le message\" data-field=\"fld_7908577\"  >\n<\/div>\r\n<\/div>\r\n\t<input class=\"button_trigger_1\" type=\"hidden\" name=\"fld_7908577\" id=\"fld_7908577_1_btn\" value=\"\" data-field=\"fld_7908577\"  \/>\n<\/div><\/div><\/form>\r\n<\/div>\r\n\n<p>[\/vc_column_text][\/vc_column][vc_column css=\u00a0\u00bb.vc_custom_1618847657883{padding-top: 30px !important;padding-right: 30px !important;padding-bottom: 30px !important;padding-left: 30px !important;background-color: #597787 !important;}\u00a0\u00bb offset=\u00a0\u00bbvc_col-lg-6 vc_col-md-12&Prime;][vc_column_text]<\/p>\n<h2 style=\"text-align: center;\"><span style=\"color: #ffffff;\"><strong>A votre service 24h\/24 en cas de d\u00e9c\u00e8s<\/strong><\/span><\/h2>\n<h2 style=\"text-align: center;\"><span style=\"color: #ffffff;\"><strong>03 44 02 28 00<\/strong><\/span><\/h2>\n<p style=\"text-align: center;\"><span style=\"color: #ffffff;\"><u>HORAIRES<\/u><\/span><\/p>\n<p style=\"text-align: center;\"><span style=\"color: #ffffff;\">Du lundi au Vendredi : 9h \u00e0 12h \u2013 14h \u00e0 18h<\/span><br \/>\n<span style=\"color: #ffffff;\">Le Samedi : 9h \u00e0 12h<\/span><\/p>\n<p style=\"text-align: center;\"><span style=\"color: #ffffff;\"><u>FERMETURE<\/u><\/span><\/p>\n<p style=\"text-align: center;\"><span style=\"color: #ffffff;\">Le Dimanche et les jours f\u00e9ri\u00e9s toute la journ\u00e9e<\/span><\/p>\n<p>[\/vc_column_text][\/vc_column][\/vc_row]<\/p>\n","protected":false},"excerpt":{"rendered":"<p>[vc_row row_type=\u00a0\u00bbrow\u00a0\u00bb use_row_as_full_screen_section=\u00a0\u00bbno\u00a0\u00bb type=\u00a0\u00bbgrid\u00a0\u00bb angled_section=\u00a0\u00bbno\u00a0\u00bb text_align=\u00a0\u00bbleft\u00a0\u00bb background_image_as_pattern=\u00a0\u00bbwithout_pattern\u00a0\u00bb css=\u00a0\u00bb.vc_custom_1469441071554{padding-top: 3.2% !important;padding-bottom: 4% !important;}\u00a0\u00bb][vc_column][vc_column_text] Venir nous voir [\/vc_column_text][vc_empty_space height=\u00a0\u00bb7px\u00a0\u00bb][\/vc_column][\/vc_row][vc_row row_type=\u00a0\u00bbrow\u00a0\u00bb use_row_as_full_screen_section=\u00a0\u00bbno\u00a0\u00bb type=\u00a0\u00bbgrid\u00a0\u00bb angled_section=\u00a0\u00bbno\u00a0\u00bb text_align=\u00a0\u00bbleft\u00a0\u00bb background_image_as_pattern=\u00a0\u00bbwithout_pattern\u00a0\u00bb z_index=\u00a0\u00bb\u00a0\u00bb][vc_column][vc_gmaps link=\u00a0\u00bb#E-8_JTNDaWZyYW1lJTIwc3JjJTNEJTIyaHR0cHMlM0ElMkYlMkZ3d3cuZ29vZ2xlLmNvbSUyRm1hcHMlMkZlbWJlZCUzRnBiJTNEJTIxMW0xOCUyMTFtMTIlMjExbTMlMjExZDI1OTQuMjY2NzAxMjkwNzU1NSUyMTJkMi4xMDM4NjAxNTE5MjIyOTYlMjEzZDQ5LjQ0MTY3NjA3OTI0NzU2JTIxMm0zJTIxMWYwJTIxMmYwJTIxM2YwJTIxM20yJTIxMWkxMDI0JTIxMmk3NjglMjE0ZjEzLjElMjEzbTMlMjExbTIlMjExczB4NDdlNzA3MjM3ZDM2OTNmZiUyNTNBMHhkMDA5MzVjNzVkMDgyOTAzJTIxMnNNYXJicmVyaWUlMjUyMFBvbXBlcyUyNTIwRnVuJTI1QzMlMjVBOGJyZXMlMjUyMFBvaXJpJTI1QzMlMjVBOSUyMTVlMCUyMTNtMiUyMTFzZnIlMjEyc2ZyJTIxNHYxNjE4ODQ3Mjk0NjQ0JTIxNW0yJTIxMXNmciUyMTJzZnIlMjIlMjB3aWR0aCUzRCUyMjYwMCUyMiUyMGhlaWdodCUzRCUyMjQ1MCUyMiUyMHN0eWxlJTNEJTIyYm9yZGVyJTNBMCUzQiUyMiUyMGFsbG93ZnVsbHNjcmVlbiUzRCUyMiUyMiUyMGxvYWRpbmclM0QlMjJsYXp5JTIyJTNFJTNDJTJGaWZyYW1lJTNF\u00a0\u00bb][\/vc_column][\/vc_row][vc_row row_type=\u00a0\u00bbrow\u00a0\u00bb use_row_as_full_screen_section=\u00a0\u00bbno\u00a0\u00bb type=\u00a0\u00bbgrid\u00a0\u00bb angled_section=\u00a0\u00bbno\u00a0\u00bb text_align=\u00a0\u00bbleft\u00a0\u00bb background_image_as_pattern=\u00a0\u00bbwithout_pattern\u00a0\u00bb anchor=\u00a0\u00bbabout\u00a0\u00bb css=\u00a0\u00bb.vc_custom_1603991892896{padding-top: 4.95% !important;padding-bottom: 5.65% !important;}\u00a0\u00bb z_index=\u00a0\u00bb\u00a0\u00bb][vc_column offset=\u00a0\u00bbvc_col-lg-6 vc_col-md-offset-0 vc_col-md-12&Prime; css=\u00a0\u00bb.vc_custom_1604061822173{padding-left: 40px !important;}\u00a0\u00bb][vc_column_text]MARBRERIE ET POMPES FUN\u00c9BRES ANDRE POIRIE[\/vc_column_text][vc_empty_space height=\u00a0\u00bb37px\u00a0\u00bb][vc_column_text]2 Rue Roger Couderc, Zone Pin\u00e7onlieu,&hellip;<\/p>\n","protected":false},"author":1,"featured_media":0,"parent":0,"menu_order":0,"comment_status":"closed","ping_status":"closed","template":"","meta":[],"class_list":["post-144","page","type-page","status-publish","hentry","description-off"],"_links":{"self":[{"href":"https:\/\/pf-poirie.fr\/index.php\/wp-json\/wp\/v2\/pages\/144","targetHints":{"allow":["GET"]}}],"collection":[{"href":"https:\/\/pf-poirie.fr\/index.php\/wp-json\/wp\/v2\/pages"}],"about":[{"href":"https:\/\/pf-poirie.fr\/index.php\/wp-json\/wp\/v2\/types\/page"}],"author":[{"embeddable":true,"href":"https:\/\/pf-poirie.fr\/index.php\/wp-json\/wp\/v2\/users\/1"}],"replies":[{"embeddable":true,"href":"https:\/\/pf-poirie.fr\/index.php\/wp-json\/wp\/v2\/comments?post=144"}],"version-history":[{"count":11,"href":"https:\/\/pf-poirie.fr\/index.php\/wp-json\/wp\/v2\/pages\/144\/revisions"}],"predecessor-version":[{"id":2804,"href":"https:\/\/pf-poirie.fr\/index.php\/wp-json\/wp\/v2\/pages\/144\/revisions\/2804"}],"wp:attachment":[{"href":"https:\/\/pf-poirie.fr\/index.php\/wp-json\/wp\/v2\/media?parent=144"}],"curies":[{"name":"wp","href":"https:\/\/api.w.org\/{rel}","templated":true}]}}